{"id":987,"date":"2020-12-12T07:46:55","date_gmt":"2020-12-12T06:46:55","guid":{"rendered":"http:\/\/pitch.select-themes.com\/?page_id=987"},"modified":"2023-04-10T19:18:14","modified_gmt":"2023-04-10T17:18:14","slug":"webdesign","status":"publish","type":"page","link":"https:\/\/anaiscallens.com\/comm-ca\/webdesign\/","title":{"rendered":"Webdesign"},"content":{"rendered":"<div class=\"wpb-content-wrapper\"><p>[vc_row row_type=\u00a0\u00bbrow\u00a0\u00bb use_row_as_full_screen_section=\u00a0\u00bbno\u00a0\u00bb type=\u00a0\u00bbgrid\u00a0\u00bb text_align=\u00a0\u00bbleft\u00a0\u00bb padding_top=\u00a0\u00bb93&Prime; padding_bottom=\u00a0\u00bb100&Prime; css_animation=\u00a0\u00bb\u00a0\u00bb box_shadow_on_row=\u00a0\u00bbno\u00a0\u00bb oblique_section=\u00a0\u00bbno\u00a0\u00bb triangle_shape=\u00a0\u00bbno\u00a0\u00bb][vc_column width=\u00a0\u00bb1\/4&Prime;][vc_single_image image=\u00a0\u00bb993&Prime; img_size=\u00a0\u00bbfull\u00a0\u00bb qode_hover_animation=\u00a0\u00bb\u00a0\u00bb qode_css_animation=\u00a0\u00bbelement_from_left\u00a0\u00bb transition_delay=\u00a0\u00bb0.1&Prime;][vc_separator type=\u00a0\u00bbtransparent\u00a0\u00bb up=\u00a0\u00bb40&Prime; up_style=\u00a0\u00bbpx\u00a0\u00bb down=\u00a0\u00bb0&Prime; down_style=\u00a0\u00bbpx\u00a0\u00bb][\/vc_column][vc_column width=\u00a0\u00bb3\/4&Prime;][vc_column_text]<\/p>\n<h6>Cr\u00e9ation<\/h6>\n<p>[\/vc_column_text][vc_column_text]<\/p>\n<h3>Site web vitrine<\/h3>\n<p>[\/vc_column_text][vc_separator type=\u00a0\u00bbtransparent\u00a0\u00bb up=\u00a0\u00bb20&Prime; up_style=\u00a0\u00bbpx\u00a0\u00bb down=\u00a0\u00bb0&Prime; down_style=\u00a0\u00bbpx\u00a0\u00bb][vc_column_text]Un site internet est accessible \u00e0 toutes heures depuis les quatre coins du monde, il repr\u00e9sente un canal de diffusion international \u00e0 moindre co\u00fbt. Le web permet de toucher de nombreux clients potentiels \u00e0 la recherche d&rsquo;informations concernant un produit ou un service.\u00a0Nous cr\u00e9ons des sites web de diff\u00e9rentes natures. Leurs points communs : des sites efficaces, bien r\u00e9f\u00e9renc\u00e9s, avec une utilisation simple. Internet est une parfaite vitrine pour pr\u00e9senter les activit\u00e9s d&rsquo;une entreprise, d&rsquo;o\u00f9 l&rsquo;appellation \u00ab\u00a0Site vitrine\u00a0\u00bb.[\/vc_column_text][\/vc_column][\/vc_row][vc_row row_type=\u00a0\u00bbrow\u00a0\u00bb use_row_as_full_screen_section=\u00a0\u00bbno\u00a0\u00bb type=\u00a0\u00bbgrid\u00a0\u00bb text_align=\u00a0\u00bbleft\u00a0\u00bb background_color=\u00a0\u00bb#f7f7f7&Prime; padding_top=\u00a0\u00bb20&Prime; padding_bottom=\u00a0\u00bb91&Prime; css_animation=\u00a0\u00bb\u00a0\u00bb box_shadow_on_row=\u00a0\u00bbno\u00a0\u00bb oblique_section=\u00a0\u00bbno\u00a0\u00bb triangle_shape=\u00a0\u00bbno\u00a0\u00bb][vc_column width=\u00a0\u00bb2\/3&Prime;][vc_separator type=\u00a0\u00bbtransparent\u00a0\u00bb up=\u00a0\u00bb70&Prime; up_style=\u00a0\u00bbpx\u00a0\u00bb down=\u00a0\u00bb0&Prime; down_style=\u00a0\u00bbpx\u00a0\u00bb][vc_column_text]<\/p>\n<h6>Digital<\/h6>\n<p>[\/vc_column_text][vc_column_text]<\/p>\n<h3>Gestion de contenu<\/h3>\n<p>[\/vc_column_text][vc_separator type=\u00a0\u00bbtransparent\u00a0\u00bb up=\u00a0\u00bb20&Prime; up_style=\u00a0\u00bbpx\u00a0\u00bb down=\u00a0\u00bb0&Prime; down_style=\u00a0\u00bbpx\u00a0\u00bb][vc_column_text]Nous proposons des solutions intuitives afin de vous permettre de g\u00e9rer votre site web de mani\u00e8re autonome gr\u00e2ce \u00e0 un CMS.\u00a0Le <strong>CMS (Content Management System)<\/strong>\u00a0est un outil permettant la\u00a0conception d&rsquo;un site web mais aussi sa mise \u00e0 jour et ce, de mani\u00e8re autonome. Un r\u00e9dacteur peut donc facilement ajouter du contenu par le biais d&rsquo;une interface d&rsquo;administration intuitive. Une solution simple et efficace.[\/vc_column_text][\/vc_column][vc_column width=\u00a0\u00bb1\/3&Prime;][vc_separator type=\u00a0\u00bbtransparent\u00a0\u00bb up=\u00a0\u00bb40&Prime; up_style=\u00a0\u00bbpx\u00a0\u00bb down=\u00a0\u00bb0&Prime; down_style=\u00a0\u00bbpx\u00a0\u00bb][vc_single_image image=\u00a0\u00bb1019&Prime; img_size=\u00a0\u00bbfull\u00a0\u00bb alignment=\u00a0\u00bbcenter\u00a0\u00bb qode_hover_animation=\u00a0\u00bb\u00a0\u00bb qode_css_animation=\u00a0\u00bbelement_from_right\u00a0\u00bb transition_delay=\u00a0\u00bb0.1&Prime;][\/vc_column][\/vc_row][vc_row row_type=\u00a0\u00bbrow\u00a0\u00bb use_row_as_full_screen_section=\u00a0\u00bbno\u00a0\u00bb type=\u00a0\u00bbgrid\u00a0\u00bb text_align=\u00a0\u00bbleft\u00a0\u00bb padding_top=\u00a0\u00bb93&Prime; padding_bottom=\u00a0\u00bb46&Prime; css_animation=\u00a0\u00bb\u00a0\u00bb box_shadow_on_row=\u00a0\u00bbno\u00a0\u00bb oblique_section=\u00a0\u00bbno\u00a0\u00bb triangle_shape=\u00a0\u00bbno\u00a0\u00bb][vc_column width=\u00a0\u00bb1\/4&Prime;][vc_single_image image=\u00a0\u00bb1031&Prime; img_size=\u00a0\u00bbfull\u00a0\u00bb qode_hover_animation=\u00a0\u00bb\u00a0\u00bb qode_css_animation=\u00a0\u00bbelement_from_left\u00a0\u00bb transition_delay=\u00a0\u00bb0.1&Prime;][vc_separator type=\u00a0\u00bbtransparent\u00a0\u00bb up=\u00a0\u00bb40&Prime; up_style=\u00a0\u00bbpx\u00a0\u00bb down=\u00a0\u00bb0&Prime; down_style=\u00a0\u00bbpx\u00a0\u00bb][\/vc_column][vc_column width=\u00a0\u00bb3\/4&Prime;][vc_column_text]<\/p>\n<h6>Analyses<\/h6>\n<p>[\/vc_column_text][vc_column_text]<\/p>\n<h3>SEO, Analytics &amp; Marketing<\/h3>\n<p>[\/vc_column_text][vc_separator type=\u00a0\u00bbtransparent\u00a0\u00bb up=\u00a0\u00bb20&Prime; up_style=\u00a0\u00bbpx\u00a0\u00bb down=\u00a0\u00bb0&Prime; down_style=\u00a0\u00bbpx\u00a0\u00bb][vc_column_text]En webdesign, le r\u00e9f\u00e9rencement permet de positionner votre site web pour lui donner un maximum de visibilit\u00e9 sur les moteurs de recherches. Diff\u00e9rents crit\u00e8res influencent le ranking tels le contenu du site, la mise \u00e0 jour r\u00e9guli\u00e8re, la popularit\u00e9 du site (tant li\u00e9e aux nombres de visiteurs qu&rsquo;aux liens externes pointant vers le site en question), etc[\/vc_column_text][\/vc_column][\/vc_row][vc_row row_type=\u00a0\u00bbrow\u00a0\u00bb use_row_as_full_screen_section=\u00a0\u00bbno\u00a0\u00bb type=\u00a0\u00bbgrid\u00a0\u00bb text_align=\u00a0\u00bbleft\u00a0\u00bb background_color=\u00a0\u00bb#f7f7f7&Prime; padding_top=\u00a0\u00bb20&Prime; padding_bottom=\u00a0\u00bb131&Prime; css_animation=\u00a0\u00bb\u00a0\u00bb box_shadow_on_row=\u00a0\u00bbno\u00a0\u00bb oblique_section=\u00a0\u00bbno\u00a0\u00bb triangle_shape=\u00a0\u00bbno\u00a0\u00bb][vc_column width=\u00a0\u00bb2\/3&Prime;][vc_separator type=\u00a0\u00bbtransparent\u00a0\u00bb up=\u00a0\u00bb70&Prime; up_style=\u00a0\u00bbpx\u00a0\u00bb down=\u00a0\u00bb0&Prime; down_style=\u00a0\u00bbpx\u00a0\u00bb][vc_column_text]<\/p>\n<h6>Id\u00e9es<\/h6>\n<p>[\/vc_column_text][vc_column_text]<\/p>\n<h3>Digital branding &amp; Marketing<\/h3>\n<p>[\/vc_column_text][vc_separator type=\u00a0\u00bbtransparent\u00a0\u00bb up=\u00a0\u00bb20&Prime; up_style=\u00a0\u00bbpx\u00a0\u00bb down=\u00a0\u00bb0&Prime; down_style=\u00a0\u00bbpx\u00a0\u00bb][vc_column_text]Votre identit\u00e9 visuelle vous repr\u00e9sente, il est essentiel que vos services et produits soient reconnus du premier coup d&rsquo;oeil. Le fil rouge de l&rsquo;identit\u00e9 graphique doit \u00eatre tir\u00e9 sur tous les m\u00e9dias. Votre site web sera votre carte de visite sur la toile&#8230;[\/vc_column_text][\/vc_column][vc_column width=\u00a0\u00bb1\/3&Prime;][vc_separator type=\u00a0\u00bbtransparent\u00a0\u00bb up=\u00a0\u00bb40&Prime; up_style=\u00a0\u00bbpx\u00a0\u00bb down=\u00a0\u00bb0&Prime; down_style=\u00a0\u00bbpx\u00a0\u00bb][vc_single_image image=\u00a0\u00bb1038&Prime; img_size=\u00a0\u00bbfull\u00a0\u00bb alignment=\u00a0\u00bbcenter\u00a0\u00bb qode_hover_animation=\u00a0\u00bb\u00a0\u00bb qode_css_animation=\u00a0\u00bbelement_from_right\u00a0\u00bb transition_delay=\u00a0\u00bb0.1&Prime;][\/vc_column][\/vc_row]<\/p>\n<\/div>","protected":false},"excerpt":{"rendered":"<p>[vc_row row_type=\u00a0\u00bbrow\u00a0\u00bb use_row_as_full_screen_section=\u00a0\u00bbno\u00a0\u00bb type=\u00a0\u00bbgrid\u00a0\u00bb text_align=\u00a0\u00bbleft\u00a0\u00bb padding_top=\u00a0\u00bb93&Prime; padding_bottom=\u00a0\u00bb100&Prime; css_animation=\u00a0\u00bb\u00a0\u00bb box_shadow_on_row=\u00a0\u00bbno\u00a0\u00bb oblique_section=\u00a0\u00bbno\u00a0\u00bb triangle_shape=\u00a0\u00bbno\u00a0\u00bb][vc_column width=\u00a0\u00bb1\/4&Prime;][vc_single_image image=\u00a0\u00bb993&Prime; img_size=\u00a0\u00bbfull\u00a0\u00bb qode_hover_animation=\u00a0\u00bb\u00a0\u00bb qode_css_animation=\u00a0\u00bbelement_from_left\u00a0\u00bb transition_delay=\u00a0\u00bb0.1&Prime;][vc_separator type=\u00a0\u00bbtransparent\u00a0\u00bb up=\u00a0\u00bb40&Prime; up_style=\u00a0\u00bbpx\u00a0\u00bb down=\u00a0\u00bb0&Prime; down_style=\u00a0\u00bbpx\u00a0\u00bb][\/vc_column][vc_column width=\u00a0\u00bb3\/4&Prime;][vc_column_text] Cr\u00e9ation [\/vc_column_text][vc_column_text] Site web vitrine [\/vc_column_text][vc_separator type=\u00a0\u00bbtransparent\u00a0\u00bb up=\u00a0\u00bb20&Prime; up_style=\u00a0\u00bbpx\u00a0\u00bb down=\u00a0\u00bb0&Prime; down_style=\u00a0\u00bbpx\u00a0\u00bb][vc_column_text]Un site internet est accessible \u00e0 toutes heures depuis les quatre coins&#8230;<\/p>\n","protected":false},"author":1,"featured_media":0,"parent":0,"menu_order":0,"comment_status":"closed","ping_status":"closed","template":"full_width.php","meta":{"footnotes":""},"class_list":["post-987","page","type-page","status-publish","hentry"],"_links":{"self":[{"href":"https:\/\/anaiscallens.com\/comm-ca\/wp-json\/wp\/v2\/pages\/987","targetHints":{"allow":["GET"]}}],"collection":[{"href":"https:\/\/anaiscallens.com\/comm-ca\/wp-json\/wp\/v2\/pages"}],"about":[{"href":"https:\/\/anaiscallens.com\/comm-ca\/wp-json\/wp\/v2\/types\/page"}],"author":[{"embeddable":true,"href":"https:\/\/anaiscallens.com\/comm-ca\/wp-json\/wp\/v2\/users\/1"}],"replies":[{"embeddable":true,"href":"https:\/\/anaiscallens.com\/comm-ca\/wp-json\/wp\/v2\/comments?post=987"}],"version-history":[{"count":10,"href":"https:\/\/anaiscallens.com\/comm-ca\/wp-json\/wp\/v2\/pages\/987\/revisions"}],"predecessor-version":[{"id":58733,"href":"https:\/\/anaiscallens.com\/comm-ca\/wp-json\/wp\/v2\/pages\/987\/revisions\/58733"}],"wp:attachment":[{"href":"https:\/\/anaiscallens.com\/comm-ca\/wp-json\/wp\/v2\/media?parent=987"}],"curies":[{"name":"wp","href":"https:\/\/api.w.org\/{rel}","templated":true}]}}