{"id":923,"date":"2015-09-04T14:30:10","date_gmt":"2015-09-04T14:30:10","guid":{"rendered":"http:\/\/pitch.select-themes.com\/?page_id=923"},"modified":"2025-02-20T13:12:24","modified_gmt":"2025-02-20T12:12:24","slug":"design-graphique","status":"publish","type":"page","link":"https:\/\/anaiscallens.com\/comm-ca\/design-graphique\/","title":{"rendered":"Design Graphique"},"content":{"rendered":"<div class=\"wpb-content-wrapper\"><p>[vc_row row_type=\u00a0\u00bbrow\u00a0\u00bb use_row_as_full_screen_section=\u00a0\u00bbno\u00a0\u00bb type=\u00a0\u00bbgrid\u00a0\u00bb text_align=\u00a0\u00bbleft\u00a0\u00bb padding_top=\u00a0\u00bb31&Prime; padding_bottom=\u00a0\u00bb35&Prime; css_animation=\u00a0\u00bb\u00a0\u00bb box_shadow_on_row=\u00a0\u00bbno\u00a0\u00bb oblique_section=\u00a0\u00bbno\u00a0\u00bb triangle_shape=\u00a0\u00bbno\u00a0\u00bb][vc_column offset=\u00a0\u00bbvc_col-md-6 vc_col-xs-12&Prime;][vc_column_text]<\/p>\n<h6>Le Client<\/h6>\n<p>[\/vc_column_text][vc_column_text]<\/p>\n<h3>Ce dont l&rsquo;entreprise a besoin<\/h3>\n<p>[\/vc_column_text][vc_separator type=\u00a0\u00bbtransparent\u00a0\u00bb up=\u00a0\u00bb21&Prime; up_style=\u00a0\u00bbpx\u00a0\u00bb down=\u00a0\u00bb0&Prime; down_style=\u00a0\u00bbpx\u00a0\u00bb][vc_column_text]Une entreprise a besoin de communiquer avec ses clients, ses prospects, ses partenaires et ses investisseurs. Pour se faire, elle dispose de diff\u00e9rentes solutions qui vont lui permettre d&rsquo;installer\u00a0un produit ou un service et de diffuser un message.<br \/>\nUne communication visuelle permet de d\u00e9velopper la notori\u00e9t\u00e9 en diffusant l\u2019image de marque de la soci\u00e9t\u00e9, de v\u00e9hiculer un message et d&rsquo;aider le lancement d\u2019un produit ou d\u2019un service.<\/p>\n<p>Le design graphique a pour but de renforcer une promotion, un lancement, gr\u00e2ce \u00e0 l\u2019utilisation d\u2019images, de vid\u00e9os, de diff\u00e9rents support multim\u00e9dia et qui s\u2019adapte aux diff\u00e9rents canaux de distributions.<\/p>\n<p>Elle permet aussi de diffuser un message universel, attire plus facilement l\u2019attention et renforce l\u2019acte d\u2019achat.[\/vc_column_text][vc_separator type=\u00a0\u00bbtransparent\u00a0\u00bb up=\u00a0\u00bb40&Prime; up_style=\u00a0\u00bbpx\u00a0\u00bb down=\u00a0\u00bb0&Prime; down_style=\u00a0\u00bbpx\u00a0\u00bb][\/vc_column][vc_column offset=\u00a0\u00bbvc_col-md-6 vc_col-xs-12&Prime;][vc_column_text]<\/p>\n<h6>Le Challenge<\/h6>\n<p>[\/vc_column_text][vc_column_text]<\/p>\n<h3>Ce que nous offrons<\/h3>\n<p>[\/vc_column_text][vc_separator type=\u00a0\u00bbtransparent\u00a0\u00bb up=\u00a0\u00bb21&Prime; up_style=\u00a0\u00bbpx\u00a0\u00bb down=\u00a0\u00bb0&Prime; down_style=\u00a0\u00bbpx\u00a0\u00bb][vc_column_text]Voici une liste non-exhaustive d\u2019outil qui compose la communication visuelle.<\/p>\n<ul>\n<li>Habillage de vos r\u00e9seaux sociaux,<\/li>\n<li>Visuels pour illustrer un article, un message sur vos r\u00e9seaux sociaux<\/li>\n<li>La vid\u00e9o,<\/li>\n<li>Banni\u00e8res, encart publicitaire, infographie<\/li>\n<li>Webdesign de votre site (vitrine, portfolio, e-commerce, blog)<\/li>\n<li>Carte de visite, papier-ent\u00eate<\/li>\n<li>Livre papier et num\u00e9rique<\/li>\n<li>Affiche, Flyer, brochure, magazine<\/li>\n<\/ul>\n<p>Comme vous pouvez le voir, la liste comporte d\u00e9j\u00e0 pas mal de support que vous pouvez utiliser pour communiquer avec votre cible \u00e0 travers votre secteur d\u2019activit\u00e9.<\/p>\n<div id=\"ConnectiveDocSignExtentionInstalled\" data-extension-version=\"1.0.4\"><\/div>\n<p>[\/vc_column_text][vc_separator type=\u00a0\u00bbtransparent\u00a0\u00bb up=\u00a0\u00bb40&Prime; up_style=\u00a0\u00bbpx\u00a0\u00bb down=\u00a0\u00bb0&Prime; down_style=\u00a0\u00bbpx\u00a0\u00bb][\/vc_column][\/vc_row][vc_row row_type=\u00a0\u00bbrow\u00a0\u00bb use_row_as_full_screen_section=\u00a0\u00bbno\u00a0\u00bb type=\u00a0\u00bbfull_width\u00a0\u00bb text_align=\u00a0\u00bbleft\u00a0\u00bb css_animation=\u00a0\u00bb\u00a0\u00bb box_shadow_on_row=\u00a0\u00bbno\u00a0\u00bb oblique_section=\u00a0\u00bbno\u00a0\u00bb triangle_shape=\u00a0\u00bbno\u00a0\u00bb][vc_column]<div class='portfolio_main_holder portfolio_slider_holder clearfix  hover_text'><div class='portfolio_slider ' data-portfolios_shown='4'><ul class='portfolio_slides'>Sorry, no posts matched your criteria.<\/ul><ul class=\"caroufredsel-direction-nav\"><li><a id=\"caroufredsel-prev-1021598600\" class=\"caroufredsel-prev\" href=\"#\"><span class=\"fa fa-chevron-left\"><\/span><\/a><\/li><li><a class=\"caroufredsel-next\" id=\"caroufredsel-next-1021598600\" href=\"#\"><span class=\"fa fa-chevron-right\"><\/span><\/a><\/li><\/ul><\/div><\/div>[\/vc_column][\/vc_row][vc_row row_type=\u00a0\u00bbrow\u00a0\u00bb use_row_as_full_screen_section=\u00a0\u00bbno\u00a0\u00bb type=\u00a0\u00bbgrid\u00a0\u00bb text_align=\u00a0\u00bbleft\u00a0\u00bb padding_top=\u00a0\u00bb80&Prime; padding_bottom=\u00a0\u00bb34&Prime; css_animation=\u00a0\u00bb\u00a0\u00bb box_shadow_on_row=\u00a0\u00bbno\u00a0\u00bb oblique_section=\u00a0\u00bbno\u00a0\u00bb triangle_shape=\u00a0\u00bbno\u00a0\u00bb][vc_column offset=\u00a0\u00bbvc_col-md-6&Prime;]<div class=\"numbered_image_holder\"><div class=\"image_holder_inner animate\"><img decoding=\"async\" src=\"https:\/\/anaiscallens.com\/comm-ca\/wp-content\/uploads\/2020\/12\/croquis_Spytank.jpg\" alt=\"Image\" \/><\/div><div class=\"stripe_holder\"  style=\"background-color: rgba(10,0,0,0.50)\"><div class=\"number_holder\"><span class=\"image_number\" style=\"color: #ffffff\">1<\/span><\/div><\/div><\/div>[vc_separator type=\u00a0\u00bbtransparent\u00a0\u00bb up=\u00a0\u00bb37&Prime; up_style=\u00a0\u00bbpx\u00a0\u00bb down=\u00a0\u00bb0&Prime; down_style=\u00a0\u00bbpx\u00a0\u00bb][vc_column_text]<\/p>\n<h6>Premi\u00e8re \u00c9tape<\/h6>\n<p>[\/vc_column_text][vc_column_text]<\/p>\n<h3>Brainstorming &amp; Conceptualisation<\/h3>\n<p>[\/vc_column_text][vc_separator type=\u00a0\u00bbtransparent\u00a0\u00bb up=\u00a0\u00bb21&Prime; up_style=\u00a0\u00bbpx\u00a0\u00bb down=\u00a0\u00bb0&Prime; down_style=\u00a0\u00bbpx\u00a0\u00bb][vc_column_text]Le brainstorming est la premi\u00e8re phase cr\u00e9ative, qui consiste \u00e0 trouver un maximum d&rsquo;id\u00e9es. Rassembler le champs s\u00e9mantique autour de la th\u00e9matique, sans filtrer ni \u00e9mettre de jugement sur les id\u00e9es trouv\u00e9es. La phase de tri vient en second temps, une fois la g\u00e9n\u00e9ration d&rsquo;id\u00e9e effectu\u00e9e.[\/vc_column_text][vc_separator type=\u00a0\u00bbtransparent\u00a0\u00bb up=\u00a0\u00bb40&Prime; up_style=\u00a0\u00bbpx\u00a0\u00bb down=\u00a0\u00bb0&Prime; down_style=\u00a0\u00bbpx\u00a0\u00bb][\/vc_column][vc_column offset=\u00a0\u00bbvc_col-md-6&Prime;]<div class=\"numbered_image_holder\"><div class=\"image_holder_inner animate\"><img decoding=\"async\" src=\"https:\/\/anaiscallens.com\/comm-ca\/wp-content\/uploads\/2020\/12\/Spytank_rush.jpg\" alt=\"Image\" \/><\/div><div class=\"stripe_holder\"  style=\"background-color: rgba(10,0,0,0.5)\"><div class=\"number_holder\"><span class=\"image_number\" style=\"color: #ffffff\">2<\/span><\/div><\/div><\/div>[vc_separator type=\u00a0\u00bbtransparent\u00a0\u00bb up=\u00a0\u00bb37&Prime; up_style=\u00a0\u00bbpx\u00a0\u00bb down=\u00a0\u00bb0&Prime; down_style=\u00a0\u00bbpx\u00a0\u00bb][vc_column_text]<\/p>\n<h6>Seconde \u00c9tape<\/h6>\n<p>[\/vc_column_text][vc_column_text]<\/p>\n<h3>Croquis &amp; Storyboard<\/h3>\n<p>[\/vc_column_text][vc_separator type=\u00a0\u00bbtransparent\u00a0\u00bb up=\u00a0\u00bb21&Prime; up_style=\u00a0\u00bbpx\u00a0\u00bb down=\u00a0\u00bb0&Prime; down_style=\u00a0\u00bbpx\u00a0\u00bb][vc_column_text]Le croquis est une \u00e9tape importante de la pr\u00e9-production qui consiste \u00e0 mettre en forme le concept&#8230; Le croquis permet de d\u00e9finir le cadre, l&rsquo;intention, en d\u00e9terminant les principaux \u00e9l\u00e9ments qui composent l&rsquo;espace.[\/vc_column_text][vc_separator type=\u00a0\u00bbtransparent\u00a0\u00bb up=\u00a0\u00bb40&Prime; up_style=\u00a0\u00bbpx\u00a0\u00bb down=\u00a0\u00bb0&Prime; down_style=\u00a0\u00bbpx\u00a0\u00bb][\/vc_column][\/vc_row][vc_row row_type=\u00a0\u00bbrow\u00a0\u00bb use_row_as_full_screen_section=\u00a0\u00bbno\u00a0\u00bb type=\u00a0\u00bbgrid\u00a0\u00bb text_align=\u00a0\u00bbleft\u00a0\u00bb padding_top=\u00a0\u00bb80&Prime; padding_bottom=\u00a0\u00bb31&Prime; css_animation=\u00a0\u00bb\u00a0\u00bb box_shadow_on_row=\u00a0\u00bbno\u00a0\u00bb oblique_section=\u00a0\u00bbno\u00a0\u00bb triangle_shape=\u00a0\u00bbno\u00a0\u00bb][vc_column offset=\u00a0\u00bbvc_col-md-6&Prime;]<div class=\"numbered_image_holder\"><div class=\"image_holder_inner animate\"><img decoding=\"async\" src=\"https:\/\/anaiscallens.com\/comm-ca\/wp-content\/uploads\/2020\/12\/Spytank_une_ligne.jpg\" alt=\"Image\" \/><\/div><div class=\"stripe_holder\"  style=\"background-color: rgba(0,0,0,0.5)\"><div class=\"number_holder\"><span class=\"image_number\" style=\"color: #ffffff\">3<\/span><\/div><\/div><\/div>[vc_separator type=\u00a0\u00bbtransparent\u00a0\u00bb up=\u00a0\u00bb37&Prime; up_style=\u00a0\u00bbpx\u00a0\u00bb down=\u00a0\u00bb0&Prime; down_style=\u00a0\u00bbpx\u00a0\u00bb][vc_column_text]<\/p>\n<h6>Troisi\u00e8me \u00c9tape<\/h6>\n<p>[\/vc_column_text][vc_column_text]<\/p>\n<h3>Mise en \u0153uvre<\/h3>\n<p>[\/vc_column_text][vc_separator type=\u00a0\u00bbtransparent\u00a0\u00bb up=\u00a0\u00bb21&Prime; up_style=\u00a0\u00bbpx\u00a0\u00bb down=\u00a0\u00bb0&Prime; down_style=\u00a0\u00bbpx\u00a0\u00bb][vc_column_text]La mise en \u0153uvre num\u00e9rique est la r\u00e9alisation au \u00ab\u00a0propre\u00a0\u00bb de l&rsquo;id\u00e9e.[\/vc_column_text][vc_separator type=\u00a0\u00bbtransparent\u00a0\u00bb up=\u00a0\u00bb40&Prime; up_style=\u00a0\u00bbpx\u00a0\u00bb down=\u00a0\u00bb0&Prime; down_style=\u00a0\u00bbpx\u00a0\u00bb][\/vc_column][vc_column offset=\u00a0\u00bbvc_col-md-6&Prime;]<div class=\"numbered_image_holder\"><div class=\"image_holder_inner animate\"><img decoding=\"async\" src=\"https:\/\/anaiscallens.com\/comm-ca\/wp-content\/uploads\/2020\/12\/Spytank_logo.jpg\" alt=\"Image\" \/><\/div><div class=\"stripe_holder\"  style=\"background-color: rgba(0,0,0,0.50)\"><div class=\"number_holder\"><span class=\"image_number\" style=\"color: #ffffff\">4<\/span><\/div><\/div><\/div>[vc_separator type=\u00a0\u00bbtransparent\u00a0\u00bb up=\u00a0\u00bb37&Prime; up_style=\u00a0\u00bbpx\u00a0\u00bb down=\u00a0\u00bb0&Prime; down_style=\u00a0\u00bbpx\u00a0\u00bb][vc_column_text]<\/p>\n<h6>Quatri\u00e8me \u00c9tape<\/h6>\n<p>[\/vc_column_text][vc_column_text]<\/p>\n<h3>Retouches &amp; Finalisation<\/h3>\n<p>[\/vc_column_text][vc_separator type=\u00a0\u00bbtransparent\u00a0\u00bb up=\u00a0\u00bb21&Prime; up_style=\u00a0\u00bbpx\u00a0\u00bb down=\u00a0\u00bb0&Prime; down_style=\u00a0\u00bbpx\u00a0\u00bb][vc_column_text]Afin de r\u00e9pondre au mieux aux souhaits du client, les \u00e9changes et retours sont d&rsquo;une importance cruciale au bon d\u00e9roulement du projet. Les retouches se feront dans ce sens afin d&rsquo;aboutir \u00e0 une finalisation \u00e0 l&rsquo;image du client.[\/vc_column_text][vc_separator type=\u00a0\u00bbtransparent\u00a0\u00bb up=\u00a0\u00bb40&Prime; up_style=\u00a0\u00bbpx\u00a0\u00bb down=\u00a0\u00bb0&Prime; down_style=\u00a0\u00bbpx\u00a0\u00bb][\/vc_column][\/vc_row][vc_row row_type=\u00a0\u00bbrow\u00a0\u00bb use_row_as_full_screen_section=\u00a0\u00bbno\u00a0\u00bb type=\u00a0\u00bbfull_width\u00a0\u00bb text_align=\u00a0\u00bbleft\u00a0\u00bb css_animation=\u00a0\u00bb\u00a0\u00bb box_shadow_on_row=\u00a0\u00bbno\u00a0\u00bb][vc_column][vc_column_text]<\/p>\n<div id=\"ConnectiveDocSignExtentionInstalled\" data-extension-version=\"1.0.4\"><\/div>\n<p>[\/vc_column_text][\/vc_column][\/vc_row]<\/p>\n<\/div>","protected":false},"excerpt":{"rendered":"<p>[vc_row row_type=\u00a0\u00bbrow\u00a0\u00bb use_row_as_full_screen_section=\u00a0\u00bbno\u00a0\u00bb type=\u00a0\u00bbgrid\u00a0\u00bb text_align=\u00a0\u00bbleft\u00a0\u00bb padding_top=\u00a0\u00bb31&Prime; padding_bottom=\u00a0\u00bb35&Prime; css_animation=\u00a0\u00bb\u00a0\u00bb box_shadow_on_row=\u00a0\u00bbno\u00a0\u00bb oblique_section=\u00a0\u00bbno\u00a0\u00bb triangle_shape=\u00a0\u00bbno\u00a0\u00bb][vc_column offset=\u00a0\u00bbvc_col-md-6 vc_col-xs-12&Prime;][vc_column_text] Le Client [\/vc_column_text][vc_column_text] Ce dont l&rsquo;entreprise a besoin [\/vc_column_text][vc_separator type=\u00a0\u00bbtransparent\u00a0\u00bb up=\u00a0\u00bb21&Prime; up_style=\u00a0\u00bbpx\u00a0\u00bb down=\u00a0\u00bb0&Prime; down_style=\u00a0\u00bbpx\u00a0\u00bb][vc_column_text]Une entreprise a besoin de communiquer avec ses clients, ses prospects, ses partenaires et ses investisseurs. Pour se faire,&#8230;<\/p>\n","protected":false},"author":1,"featured_media":0,"parent":0,"menu_order":0,"comment_status":"closed","ping_status":"closed","template":"full_width.php","meta":{"footnotes":""},"class_list":["post-923","page","type-page","status-publish","hentry"],"_links":{"self":[{"href":"https:\/\/anaiscallens.com\/comm-ca\/wp-json\/wp\/v2\/pages\/923","targetHints":{"allow":["GET"]}}],"collection":[{"href":"https:\/\/anaiscallens.com\/comm-ca\/wp-json\/wp\/v2\/pages"}],"about":[{"href":"https:\/\/anaiscallens.com\/comm-ca\/wp-json\/wp\/v2\/types\/page"}],"author":[{"embeddable":true,"href":"https:\/\/anaiscallens.com\/comm-ca\/wp-json\/wp\/v2\/users\/1"}],"replies":[{"embeddable":true,"href":"https:\/\/anaiscallens.com\/comm-ca\/wp-json\/wp\/v2\/comments?post=923"}],"version-history":[{"count":18,"href":"https:\/\/anaiscallens.com\/comm-ca\/wp-json\/wp\/v2\/pages\/923\/revisions"}],"predecessor-version":[{"id":58895,"href":"https:\/\/anaiscallens.com\/comm-ca\/wp-json\/wp\/v2\/pages\/923\/revisions\/58895"}],"wp:attachment":[{"href":"https:\/\/anaiscallens.com\/comm-ca\/wp-json\/wp\/v2\/media?parent=923"}],"curies":[{"name":"wp","href":"https:\/\/api.w.org\/{rel}","templated":true}]}}