{"id":697,"date":"2015-09-04T09:33:27","date_gmt":"2015-09-04T07:33:27","guid":{"rendered":"http:\/\/pitch.select-themes.com\/?page_id=697"},"modified":"2021-11-17T21:27:04","modified_gmt":"2021-11-17T20:27:04","slug":"services","status":"publish","type":"page","link":"https:\/\/anaiscallens.com\/comm-ca\/services\/","title":{"rendered":"Services"},"content":{"rendered":"<div class=\"wpb-content-wrapper\"><p>[vc_row row_type=\u00a0\u00bbrow\u00a0\u00bb use_row_as_full_screen_section=\u00a0\u00bbno\u00a0\u00bb type=\u00a0\u00bbfull_width\u00a0\u00bb text_align=\u00a0\u00bbleft\u00a0\u00bb css_animation=\u00a0\u00bb\u00a0\u00bb box_shadow_on_row=\u00a0\u00bbno\u00a0\u00bb oblique_section=\u00a0\u00bbno\u00a0\u00bb triangle_shape=\u00a0\u00bbno\u00a0\u00bb][vc_column][no_vertical_split_slider background_color=\u00a0\u00bb#ffffff\u00a0\u00bb disable_header_skin_change=\u00a0\u00bbno\u00a0\u00bb][no_vertical_left_sliding_panel][no_vertical_slide_content_item background_image=\u00a0\u00bb58134&Prime; alignment=\u00a0\u00bbleft\u00a0\u00bb header_style=\u00a0\u00bbdark\u00a0\u00bb]<br \/>\n[\/no_vertical_slide_content_item][no_vertical_slide_content_item alignment=\u00a0\u00bbleft\u00a0\u00bb header_style=\u00a0\u00bbdark\u00a0\u00bb][no_elements_holder number_of_columns=\u00a0\u00bbone_column\u00a0\u00bb items_float_left=\u00a0\u00bbyes\u00a0\u00bb][no_elements_holder_item item_padding=\u00a0\u00bb0% 13% 0 13%\u00a0\u00bb aligment=\u00a0\u00bbleft\u00a0\u00bb vertical_alignment=\u00a0\u00bbbottom\u00a0\u00bb advanced_animations=\u00a0\u00bbno\u00a0\u00bb item_padding_1300_1600=\u00a0\u00bb0% 13% 0 13%\u00a0\u00bb item_padding_1024_1300=\u00a0\u00bb0% 13% 0 4%\u00a0\u00bb item_padding_768_1024=\u00a0\u00bb0% 13% 0 4%\u00a0\u00bb item_padding_600_768=\u00a0\u00bb0% 13% 14% 4%\u00a0\u00bb item_padding_480_600=\u00a0\u00bb0% 13% 22% 4%\u00a0\u00bb item_padding_480=\u00a0\u00bb0% 13% 22% 4%\u00a0\u00bb][vc_separator type=\u00a0\u00bbtransparent\u00a0\u00bb up=\u00a0\u00bb7&Prime; up_style=\u00a0\u00bbpx\u00a0\u00bb down=\u00a0\u00bb0&Prime; down_style=\u00a0\u00bbpx\u00a0\u00bb]<div class=\"custom_font_holder\" style=\"font-family: Montserrat; font-size: 56px; line-height: 62px; font-style: normal; font-weight: 700; color: #000000; text-decoration: none; letter-spacing: -2px;; text-transform: none; text-align: left\" data-font-size=56 data-line-height=62 ><div  ><p><span style=\"color: #000;\">Shooting<\/span>\u00a0<span style=\"color: #f5245f;\"><u>Photo<\/u><\/span> et montage\u00a0<u style=\"color: #f5245f;\">vid\u00e9o<\/u><\/p>\n<\/div><\/div>[vc_separator type=\u00a0\u00bbtransparent\u00a0\u00bb thickness=\u00a0\u00bb1&Prime; up=\u00a0\u00bb32&Prime; up_style=\u00a0\u00bbpx\u00a0\u00bb down=\u00a0\u00bb0&Prime; down_style=\u00a0\u00bbpx\u00a0\u00bb]<div class=\"custom_font_holder\" style=\"font-family: Open Sans; font-size: 16px; line-height: 24px; font-style: normal; font-weight: 300; color: #949494; text-decoration: none; letter-spacing: 0px;; text-transform: none; text-align: left\" data-font-size=16 data-line-height=24 ><div  ><p>En tant que cr\u00e9ateur d&rsquo;images, la photographie fait partie int\u00e9grante de notre secteur d&rsquo;activit\u00e9. A votre service : une unit\u00e9 de reportage et un studio mobile. Nous proposons \u00e9galement la r\u00e9alisation de visites virtuelles, de photos panoramiques, &#8230;<\/p>\n<\/div><\/div>[vc_separator type=\u00a0\u00bbtransparent\u00a0\u00bb thickness=\u00a0\u00bb1&Prime; up=\u00a0\u00bb32&Prime; up_style=\u00a0\u00bbpx\u00a0\u00bb down=\u00a0\u00bb0&Prime; down_style=\u00a0\u00bbpx\u00a0\u00bb]<div class='q_icon_with_title  circle' ><div class=\"icon_holder  \" style=\"margin: -10px 0px 9px 14px; \"><div class=\"icon_holder_inner\"><span class=\"qode_icon_stack qode_tiny_icon  custom-font\" style=\"font-size: 20px;width: 47px;height: 47px;line-height: 47px;\"><i class=\"qode_icon_simple_line_icon icon-camera icon_text_icon qode_icon_stack_1x\" style=\"font-size: 20px;\" ><\/i><\/span><\/div><\/div><div class=\"icon_text_holder\" style=\"padding-left: 86px;\"><div class=\"icon_title_inner_holder\"><h5 class=\"icon_title \" style=\"margin-bottom: 15px;\">Photos studio dans nos locaux<\/h5><\/div><div class=\"icon_text_inner\"><p style=''>Avec \u00e9galement la possibilit\u00e9 d&#039;installer notre studio ambulant dans vos locaux...<\/p><\/div><\/div><\/div><div class='q_icon_with_title  circle' ><div class=\"icon_holder  \" style=\"margin: -10px 0px 9px 14px; \"><div class=\"icon_holder_inner\"><span class=\"qode_icon_stack qode_tiny_icon  custom-font\" style=\"font-size: 20px;width: 47px;height: 47px;line-height: 47px;\"><i class=\"qode_icon_simple_line_icon icon-paper-plane icon_text_icon qode_icon_stack_1x\" style=\"font-size: 20px;\" ><\/i><\/span><\/div><\/div><div class=\"icon_text_holder\" style=\"padding-left: 86px;\"><div class=\"icon_title_inner_holder\"><h5 class=\"icon_title \" style=\"margin-bottom: 15px;\">Reportage<\/h5><\/div><div class=\"icon_text_inner\"><p style=''>B\u00e9n\u00e9ficiant de la lumi\u00e8re naturelle ou en la compl\u00e9tant par de l&#039;artificielle...<\/p><\/div><\/div><\/div><a href=\"http:\/\/anaiscallens.com\/comm-ca\/photographie\/\" target=\"_self\"  class=\"qbutton  qbutton_with_icon icon_right\" style=\"padding: 0 10px; margin: 40px 0px 0px 0px; \">En savoir plus...<span aria-hidden=\"true\" class=\"qode_icon_font_elegant arrow_right button_icon\" style=\"margin-left: 10px; width: auto\" ><\/span><\/a>[vc_separator type=\u00a0\u00bbtransparent\u00a0\u00bb thickness=\u00a0\u00bb1&Prime; up=\u00a0\u00bb39&Prime; up_style=\u00a0\u00bbpx\u00a0\u00bb down=\u00a0\u00bb0&Prime; down_style=\u00a0\u00bbpx\u00a0\u00bb][\/no_elements_holder_item][no_elements_holder_item item_padding=\u00a0\u00bb1% 23% 0 23%\u00a0\u00bb aligment=\u00a0\u00bbleft\u00a0\u00bb advanced_animations=\u00a0\u00bbno\u00a0\u00bb item_padding_1300_1600=\u00a0\u00bb12% 12% 0 3%\u00a0\u00bb item_padding_1024_1300=\u00a0\u00bb14% 6% 0 0%\u00a0\u00bb item_padding_768_1024=\u00a0\u00bb18% 5% 0 5%\u00a0\u00bb item_padding_600_768=\u00a0\u00bb0 14% 11% 2%\u00a0\u00bb item_padding_480_600=\u00a0\u00bb0 14% 11% 2%\u00a0\u00bb item_padding_480=\u00a0\u00bb0 11% 21% 0%\u00a0\u00bb][\/no_elements_holder_item][\/no_elements_holder][\/no_vertical_slide_content_item][no_vertical_slide_content_item background_image=\u00a0\u00bb58143&Prime; alignment=\u00a0\u00bbleft\u00a0\u00bb header_style=\u00a0\u00bbdark\u00a0\u00bb]<br \/>\n[\/no_vertical_slide_content_item][no_vertical_slide_content_item alignment=\u00a0\u00bbleft\u00a0\u00bb header_style=\u00a0\u00bbdark\u00a0\u00bb][no_elements_holder number_of_columns=\u00a0\u00bbone_column\u00a0\u00bb items_float_left=\u00a0\u00bbyes\u00a0\u00bb][no_elements_holder_item item_padding=\u00a0\u00bb0 15% 0 15%\u00a0\u00bb aligment=\u00a0\u00bbleft\u00a0\u00bb advanced_animations=\u00a0\u00bbno\u00a0\u00bb item_padding_1300_1600=\u00a0\u00bb25% 10% 14% 10%\u00a0\u00bb item_padding_1024_1300=\u00a0\u00bb25% 10% 14% 10%\u00a0\u00bb item_padding_768_1024=\u00a0\u00bb16% 8% 0 8%\u00a0\u00bb item_padding_600_768=\u00a0\u00bb24% 15% 18% 15%\u00a0\u00bb item_padding_480_600=\u00a0\u00bb30% 4% 22% 4%\u00a0\u00bb item_padding_480=\u00a0\u00bb30% 4% 22% 4%\u00a0\u00bb][vc_separator type=\u00a0\u00bbtransparent\u00a0\u00bb thickness=\u00a0\u00bb1&Prime; up=\u00a0\u00bb32&Prime; up_style=\u00a0\u00bbpx\u00a0\u00bb down=\u00a0\u00bb0&Prime; down_style=\u00a0\u00bbpx\u00a0\u00bb]<div class=\"custom_font_holder\" style=\"font-family: Montserrat; font-size: 56px; line-height: 62px; font-style: normal; font-weight: 700; color: #000000; text-decoration: none; letter-spacing: -2px;; text-transform: none; text-align: left\" data-font-size=56 data-line-height=62 ><div  ><p><span style=\"color: #f5245f;\"><span style=\"caret-color: #f5245f;\"><u>Webdesign<\/u><\/span><\/span><\/p>\n<\/div><\/div>[vc_separator type=\u00a0\u00bbtransparent\u00a0\u00bb up=\u00a0\u00bb7&Prime; up_style=\u00a0\u00bbpx\u00a0\u00bb down=\u00a0\u00bb0&Prime; down_style=\u00a0\u00bbpx\u00a0\u00bb]<div class=\"custom_font_holder\" style=\"font-family: Open Sans; font-size: 16px; line-height: 24px; font-style: normal; font-weight: 300; color: #949494; text-decoration: none; letter-spacing: 0px;; text-transform: none; text-align: left\" data-font-size=16 data-line-height=24 ><div  ><p>La pr\u00e9sence de votre soci\u00e9t\u00e9 sur le web est primordiale dans votre d\u00e9veloppement. Comm&rsquo;CA vous dirige au travers des diff\u00e9rents canaux, que ce soit via un site vitrine, statique, avec gestion dynamique des contenus, page fan facebook,&#8230;<\/p>\n<\/div><\/div><a href=\"http:\/\/anaiscallens.com\/comm-ca\/webdesign\/\" target=\"_self\"  class=\"qbutton  qbutton_with_icon icon_right\" style=\"padding: 0 10px; margin: 40px 0px 0px 0px; \">En savoir plus...<span aria-hidden=\"true\" class=\"qode_icon_font_elegant arrow_right button_icon\" style=\"margin-left: 10px; width: auto\" ><\/span><\/a>[\/no_elements_holder_item][\/no_elements_holder][\/no_vertical_slide_content_item][\/no_vertical_left_sliding_panel][no_vertical_right_sliding_panel][no_vertical_slide_content_item alignment=\u00a0\u00bbleft\u00a0\u00bb header_style=\u00a0\u00bbdark\u00a0\u00bb][no_elements_holder number_of_columns=\u00a0\u00bbone_column\u00a0\u00bb][no_elements_holder_item item_padding=\u00a0\u00bb0% 13% 0 13%\u00a0\u00bb aligment=\u00a0\u00bbleft\u00a0\u00bb vertical_alignment=\u00a0\u00bbbottom\u00a0\u00bb advanced_animations=\u00a0\u00bbno\u00a0\u00bb item_padding_1300_1600=\u00a0\u00bb0% 13% 0 13%\u00a0\u00bb item_padding_1024_1300=\u00a0\u00bb0% 13% 0 4%\u00a0\u00bb item_padding_768_1024=\u00a0\u00bb0% 13% 0 4%\u00a0\u00bb item_padding_600_768=\u00a0\u00bb0% 13% 14% 4%\u00a0\u00bb item_padding_480_600=\u00a0\u00bb0% 13% 22% 4%\u00a0\u00bb item_padding_480=\u00a0\u00bb0% 13% 22% 4%\u00a0\u00bb][vc_separator type=\u00a0\u00bbtransparent\u00a0\u00bb up=\u00a0\u00bb7&Prime; up_style=\u00a0\u00bbpx\u00a0\u00bb down=\u00a0\u00bb0&Prime; down_style=\u00a0\u00bbpx\u00a0\u00bb]<div class=\"custom_font_holder\" style=\"font-family: Montserrat; font-size: 56px; line-height: 62px; font-style: normal; font-weight: 700; color: #000000; text-decoration: none; letter-spacing: -2px;; text-transform: none; text-align: left\" data-font-size=56 data-line-height=62 ><div  ><p>Design <span style=\"color: #f5245f;\"><span style=\"caret-color: #f5245f;\"><u>Graphique<\/u><\/span><\/span><\/p>\n<\/div><\/div>[vc_separator type=\u00a0\u00bbtransparent\u00a0\u00bb thickness=\u00a0\u00bb1&Prime; up=\u00a0\u00bb32&Prime; up_style=\u00a0\u00bbpx\u00a0\u00bb down=\u00a0\u00bb0&Prime; down_style=\u00a0\u00bbpx\u00a0\u00bb]<div class=\"custom_font_holder\" style=\"font-family: Open Sans; font-size: 16px; line-height: 24px; font-style: normal; font-weight: 300; color: #949494; text-decoration: none; letter-spacing: 0px;; text-transform: none; text-align: left\" data-font-size=16 data-line-height=24 ><div  ><p>Comm&rsquo;CA propose un service graphique cr\u00e9atif, des possibilit\u00e9s infinies et des solutions uniques, pour un processus de cr\u00e9ation simple et rationnel.<\/p>\n<\/div><\/div><a href=\"http:\/\/anaiscallens.com\/comm-ca\/design-graphique\/\" target=\"_self\"  class=\"qbutton  qbutton_with_icon icon_right\" style=\"padding: 0 10px; margin: 40px 0px 0px 0px; \">En savoir plus...<span aria-hidden=\"true\" class=\"qode_icon_font_elegant arrow_right button_icon\" style=\"margin-left: 10px; width: auto\" ><\/span><\/a>[\/no_elements_holder_item][\/no_elements_holder][\/no_vertical_slide_content_item][no_vertical_slide_content_item background_image=\u00a0\u00bb58132&Prime; alignment=\u00a0\u00bbleft\u00a0\u00bb header_style=\u00a0\u00bbdark\u00a0\u00bb]<br \/>\n[\/no_vertical_slide_content_item][no_vertical_slide_content_item alignment=\u00a0\u00bbleft\u00a0\u00bb header_style=\u00a0\u00bbdark\u00a0\u00bb][no_elements_holder number_of_columns=\u00a0\u00bbone_column\u00a0\u00bb][no_elements_holder_item item_padding=\u00a0\u00bb0 15% 0 15%\u00a0\u00bb aligment=\u00a0\u00bbleft\u00a0\u00bb advanced_animations=\u00a0\u00bbno\u00a0\u00bb item_padding_1300_1600=\u00a0\u00bb25% 10% 14% 10%\u00a0\u00bb item_padding_1024_1300=\u00a0\u00bb25% 10% 14% 10%\u00a0\u00bb item_padding_768_1024=\u00a0\u00bb16% 8% 0 8%\u00a0\u00bb item_padding_600_768=\u00a0\u00bb24% 15% 18% 15%\u00a0\u00bb item_padding_480_600=\u00a0\u00bb30% 4% 22% 4%\u00a0\u00bb item_padding_480=\u00a0\u00bb30% 4% 22% 4%\u00a0\u00bb][vc_separator type=\u00a0\u00bbtransparent\u00a0\u00bb thickness=\u00a0\u00bb1&Prime; up=\u00a0\u00bb32&Prime; up_style=\u00a0\u00bbpx\u00a0\u00bb down=\u00a0\u00bb0&Prime; down_style=\u00a0\u00bbpx\u00a0\u00bb]<div class=\"custom_font_holder\" style=\"font-family: Montserrat; font-size: 56px; line-height: 62px; font-style: normal; font-weight: 700; color: #000000; text-decoration: none; letter-spacing: -2px;; text-transform: none; text-align: left\" data-font-size=56 data-line-height=62 ><div  ><p><u style=\"caret-color: #f5245f; color: #f5245f;\">L&rsquo;impression<\/u>\u00a0au service de votre communication.<\/p>\n<\/div><\/div>[vc_separator type=\u00a0\u00bbtransparent\u00a0\u00bb up=\u00a0\u00bb7&Prime; up_style=\u00a0\u00bbpx\u00a0\u00bb down=\u00a0\u00bb0&Prime; down_style=\u00a0\u00bbpx\u00a0\u00bb]<div class=\"custom_font_holder\" style=\"font-family: Open Sans; font-size: 16px; line-height: 24px; font-style: normal; font-weight: 300; color: #949494; text-decoration: none; letter-spacing: 0px;; text-transform: none; text-align: left\" data-font-size=16 data-line-height=24 ><div  ><p>Formats et supports en tous genres, nous vous proposons les supports adapt\u00e9s \u00e0 vos besoins.<\/p>\n<\/div><\/div><a href=\"http:\/\/anaiscallens.com\/comm-ca\/print\/\" target=\"_self\"  class=\"qbutton  qbutton_with_icon icon_right\" style=\"padding: 0 10px; margin: 40px 0px 0px 0px; \">En savoir plus...<span aria-hidden=\"true\" class=\"qode_icon_font_elegant arrow_right button_icon\" style=\"margin-left: 10px; width: auto\" ><\/span><\/a>[\/no_elements_holder_item][\/no_elements_holder][\/no_vertical_slide_content_item][no_vertical_slide_content_item background_image=\u00a0\u00bb58145&Prime; alignment=\u00a0\u00bbleft\u00a0\u00bb header_style=\u00a0\u00bbdark\u00a0\u00bb]<br \/>\n[\/no_vertical_slide_content_item][\/no_vertical_right_sliding_panel][\/no_vertical_split_slider][\/vc_column][\/vc_row][vc_row row_type=\u00a0\u00bbrow\u00a0\u00bb use_row_as_full_screen_section=\u00a0\u00bbno\u00a0\u00bb type=\u00a0\u00bbfull_width\u00a0\u00bb text_align=\u00a0\u00bbleft\u00a0\u00bb css_animation=\u00a0\u00bb\u00a0\u00bb box_shadow_on_row=\u00a0\u00bbno\u00a0\u00bb][vc_column][vc_column_text]<\/p>\n<div id=\"ConnectiveDocSignExtentionInstalled\" data-extension-version=\"1.0.4\"><\/div>\n<p>[\/vc_column_text][\/vc_column][\/vc_row]<\/p>\n<\/div>","protected":false},"excerpt":{"rendered":"<p>[vc_row row_type=\u00a0\u00bbrow\u00a0\u00bb use_row_as_full_screen_section=\u00a0\u00bbno\u00a0\u00bb type=\u00a0\u00bbfull_width\u00a0\u00bb text_align=\u00a0\u00bbleft\u00a0\u00bb css_animation=\u00a0\u00bb\u00a0\u00bb box_shadow_on_row=\u00a0\u00bbno\u00a0\u00bb oblique_section=\u00a0\u00bbno\u00a0\u00bb triangle_shape=\u00a0\u00bbno\u00a0\u00bb][vc_column][no_vertical_split_slider background_color=\u00a0\u00bb#ffffff\u00a0\u00bb disable_header_skin_change=\u00a0\u00bbno\u00a0\u00bb][no_vertical_left_sliding_panel][no_vertical_slide_content_item background_image=\u00a0\u00bb58134&Prime; alignment=\u00a0\u00bbleft\u00a0\u00bb header_style=\u00a0\u00bbdark\u00a0\u00bb] [\/no_vertical_slide_content_item][no_vertical_slide_content_item alignment=\u00a0\u00bbleft\u00a0\u00bb header_style=\u00a0\u00bbdark\u00a0\u00bb][no_elements_holder number_of_columns=\u00a0\u00bbone_column\u00a0\u00bb items_float_left=\u00a0\u00bbyes\u00a0\u00bb][no_elements_holder_item item_padding=\u00a0\u00bb0% 13% 0 13%\u00a0\u00bb aligment=\u00a0\u00bbleft\u00a0\u00bb vertical_alignment=\u00a0\u00bbbottom\u00a0\u00bb advanced_animations=\u00a0\u00bbno\u00a0\u00bb item_padding_1300_1600=\u00a0\u00bb0% 13% 0 13%\u00a0\u00bb item_padding_1024_1300=\u00a0\u00bb0% 13% 0 4%\u00a0\u00bb item_padding_768_1024=\u00a0\u00bb0% 13% 0 4%\u00a0\u00bb item_padding_600_768=\u00a0\u00bb0% 13% 14% 4%\u00a0\u00bb item_padding_480_600=\u00a0\u00bb0% 13% 22%&#8230;<\/p>\n","protected":false},"author":1,"featured_media":0,"parent":0,"menu_order":0,"comment_status":"closed","ping_status":"closed","template":"full_width.php","meta":{"footnotes":""},"class_list":["post-697","page","type-page","status-publish","hentry"],"_links":{"self":[{"href":"https:\/\/anaiscallens.com\/comm-ca\/wp-json\/wp\/v2\/pages\/697","targetHints":{"allow":["GET"]}}],"collection":[{"href":"https:\/\/anaiscallens.com\/comm-ca\/wp-json\/wp\/v2\/pages"}],"about":[{"href":"https:\/\/anaiscallens.com\/comm-ca\/wp-json\/wp\/v2\/types\/page"}],"author":[{"embeddable":true,"href":"https:\/\/anaiscallens.com\/comm-ca\/wp-json\/wp\/v2\/users\/1"}],"replies":[{"embeddable":true,"href":"https:\/\/anaiscallens.com\/comm-ca\/wp-json\/wp\/v2\/comments?post=697"}],"version-history":[{"count":30,"href":"https:\/\/anaiscallens.com\/comm-ca\/wp-json\/wp\/v2\/pages\/697\/revisions"}],"predecessor-version":[{"id":58619,"href":"https:\/\/anaiscallens.com\/comm-ca\/wp-json\/wp\/v2\/pages\/697\/revisions\/58619"}],"wp:attachment":[{"href":"https:\/\/anaiscallens.com\/comm-ca\/wp-json\/wp\/v2\/media?parent=697"}],"curies":[{"name":"wp","href":"https:\/\/api.w.org\/{rel}","templated":true}]}}