{"id":1051,"date":"2020-12-12T09:00:39","date_gmt":"2020-12-12T08:00:39","guid":{"rendered":"http:\/\/pitch.select-themes.com\/?page_id=1051"},"modified":"2023-04-10T18:49:58","modified_gmt":"2023-04-10T16:49:58","slug":"print","status":"publish","type":"page","link":"https:\/\/anaiscallens.com\/comm-ca\/print\/","title":{"rendered":"Print"},"content":{"rendered":"<div class=\"wpb-content-wrapper\"><p>[vc_row row_type=\u00a0\u00bbparallax\u00a0\u00bb type=\u00a0\u00bbfull_width\u00a0\u00bb text_align=\u00a0\u00bbleft\u00a0\u00bb background_image=\u00a0\u00bb58174&Prime; full_screen_section_height=\u00a0\u00bbno\u00a0\u00bb section_height=\u00a0\u00bb380&Prime; triangle_shape=\u00a0\u00bbno\u00a0\u00bb][vc_column][no_elements_holder number_of_columns=\u00a0\u00bbtwo_columns\u00a0\u00bb][no_elements_holder_item background_color=\u00a0\u00bb#ffffff\u00a0\u00bb item_padding=\u00a0\u00bb12% 13% 15% 28%\u00a0\u00bb aligment=\u00a0\u00bbleft\u00a0\u00bb vertical_alignment=\u00a0\u00bbmiddle\u00a0\u00bb advanced_animations=\u00a0\u00bbno\u00a0\u00bb item_padding_768_1024=\u00a0\u00bb38px 87px 56px 94px\u00a0\u00bb]<div class=\"numbered_steps_holder animate \"><div class=\"number\" style=\"\n            -webkit-transition: transform 0.3s cubic-bezier(0, 0.8, 0.18, 1.63) 0.3s, opacity 0.3s cubic-bezier(0, 0.8, 0.18, 1.63) 0.3s;\n            transition: transform 0.3s cubic-bezier(0, 0.8, 0.18, 1.63) 0.3s, opacity 0.3s cubic-bezier(0, 0.8, 0.18, 1.63) 0.3s;\"><\/div><div class=\"text\"><h6>Impression num\u00e9rique<\/h6><h3>Petits tirages<\/h3><\/div><\/div>[vc_separator type=\u00a0\u00bbtransparent\u00a0\u00bb up=\u00a0\u00bb10&Prime; up_style=\u00a0\u00bbpx\u00a0\u00bb down=\u00a0\u00bb0&Prime; down_style=\u00a0\u00bbpx\u00a0\u00bb][vc_column_text]Le print num\u00e9rique de tr\u00e8s tr\u00e8s haute qualit\u00e9 \u00e0 partir d&rsquo;un exemplaire unique ! R\u00e9alisation au format de votre choix sur un vaste choix de supports.<br \/>\nCartes de visite, faire-parts, flyers, brochures, affiches, livres,&#8230;[\/vc_column_text][\/no_elements_holder_item][no_elements_holder_item aligment=\u00a0\u00bbleft\u00a0\u00bb advanced_animations=\u00a0\u00bbno\u00a0\u00bb][vc_separator type=\u00a0\u00bbtransparent\u00a0\u00bb up=\u00a0\u00bb200&Prime; up_style=\u00a0\u00bbpx\u00a0\u00bb down=\u00a0\u00bb200&Prime; down_style=\u00a0\u00bbpx\u00a0\u00bb][\/no_elements_holder_item][\/no_elements_holder][\/vc_column][\/vc_row][vc_row row_type=\u00a0\u00bbparallax\u00a0\u00bb type=\u00a0\u00bbfull_width\u00a0\u00bb text_align=\u00a0\u00bbleft\u00a0\u00bb background_image=\u00a0\u00bb58176&Prime; full_screen_section_height=\u00a0\u00bbno\u00a0\u00bb section_height=\u00a0\u00bb380&Prime; triangle_shape=\u00a0\u00bbno\u00a0\u00bb][vc_column][no_elements_holder number_of_columns=\u00a0\u00bbtwo_columns\u00a0\u00bb][no_elements_holder_item aligment=\u00a0\u00bbleft\u00a0\u00bb advanced_animations=\u00a0\u00bbno\u00a0\u00bb][vc_separator type=\u00a0\u00bbtransparent\u00a0\u00bb up=\u00a0\u00bb200&Prime; up_style=\u00a0\u00bbpx\u00a0\u00bb down=\u00a0\u00bb200&Prime; down_style=\u00a0\u00bbpx\u00a0\u00bb][\/no_elements_holder_item][no_elements_holder_item background_color=\u00a0\u00bb#ffffff\u00a0\u00bb item_padding=\u00a0\u00bb11% 32% 15% 13%\u00a0\u00bb aligment=\u00a0\u00bbleft\u00a0\u00bb vertical_alignment=\u00a0\u00bbmiddle\u00a0\u00bb advanced_animations=\u00a0\u00bbno\u00a0\u00bb item_padding_768_1024=\u00a0\u00bb38px 87px 56px 94px\u00a0\u00bb]<div class=\"numbered_steps_holder animate \"><div class=\"number\" style=\"\n            -webkit-transition: transform 0.3s cubic-bezier(0, 0.8, 0.18, 1.63) 0.3s, opacity 0.3s cubic-bezier(0, 0.8, 0.18, 1.63) 0.3s;\n            transition: transform 0.3s cubic-bezier(0, 0.8, 0.18, 1.63) 0.3s, opacity 0.3s cubic-bezier(0, 0.8, 0.18, 1.63) 0.3s;\"><\/div><div class=\"text\"><h6>Gestion num\u00e9rique<\/h6><h3>La finition et le fa\u00e7onnage<\/h3><\/div><\/div>[vc_separator type=\u00a0\u00bbtransparent\u00a0\u00bb up=\u00a0\u00bb10&Prime; up_style=\u00a0\u00bbpx\u00a0\u00bb down=\u00a0\u00bb0&Prime; down_style=\u00a0\u00bbpx\u00a0\u00bb][vc_column_text]Nous proposons les finitions suivantes : d\u00e9coupe personnalis\u00e9e \u00e0 la forme, pelliculage, vernis s\u00e9lectif, dorure.<br \/>\nLa finition de l&rsquo;imprim\u00e9 touche notre sens du toucher&#8230; Rien de plus doux qu&rsquo;une impression avec pelliculage soft touch. Quel plaisir d&rsquo;\u00eatre surpris par un vernis s\u00e9lectif brillant. Ces petits plus qui vous feront sortir du lot et qui offriront \u00e0 vos prospects une exp\u00e9rience unique.<br \/>\nNous imprimons d\u00e9sormais avec un effet 3D. Il ne s&rsquo;agit pas de l&rsquo;impression 3D d&rsquo;objets mais bien d&rsquo;offrir du volume \u00e0 un imprimer. Nous imprimons \u00e9galement en blanc, ceci donne acc\u00e8s \u00e0 des papiers jusque l\u00e0\u00a0impossible \u00e0 imprimer, avec la possibilit\u00e9 d&rsquo;une r\u00e9impression quadri par dessus. Du jamais vu![\/vc_column_text][\/no_elements_holder_item][\/no_elements_holder][\/vc_column][\/vc_row][vc_row row_type=\u00a0\u00bbparallax\u00a0\u00bb type=\u00a0\u00bbfull_width\u00a0\u00bb text_align=\u00a0\u00bbleft\u00a0\u00bb background_image=\u00a0\u00bb58178&Prime; full_screen_section_height=\u00a0\u00bbno\u00a0\u00bb section_height=\u00a0\u00bb380&Prime; triangle_shape=\u00a0\u00bbno\u00a0\u00bb][vc_column][no_elements_holder number_of_columns=\u00a0\u00bbtwo_columns\u00a0\u00bb][no_elements_holder_item background_color=\u00a0\u00bb#ffffff\u00a0\u00bb item_padding=\u00a0\u00bb11% 13% 15% 31%\u00a0\u00bb aligment=\u00a0\u00bbleft\u00a0\u00bb vertical_alignment=\u00a0\u00bbmiddle\u00a0\u00bb advanced_animations=\u00a0\u00bbno\u00a0\u00bb item_padding_768_1024=\u00a0\u00bb37px 87px 56px 94px\u00a0\u00bb]<div class=\"numbered_steps_holder animate \"><div class=\"number\" style=\"\n            -webkit-transition: transform 0.3s cubic-bezier(0, 0.8, 0.18, 1.63) 0.3s, opacity 0.3s cubic-bezier(0, 0.8, 0.18, 1.63) 0.3s;\n            transition: transform 0.3s cubic-bezier(0, 0.8, 0.18, 1.63) 0.3s, opacity 0.3s cubic-bezier(0, 0.8, 0.18, 1.63) 0.3s;\"><\/div><div class=\"text\"><h6>Impression num\u00e9rique<\/h6><h3>Grands formats<\/h3><\/div><\/div>[vc_separator type=\u00a0\u00bbtransparent\u00a0\u00bb up=\u00a0\u00bb10&Prime; up_style=\u00a0\u00bbpx\u00a0\u00bb down=\u00a0\u00bb0&Prime; down_style=\u00a0\u00bbpx\u00a0\u00bb][vc_column_text]Nous proposons une vaste gamme de supports pour vos impressions haute d\u00e9finition en grand format. Notre \u00e9quipement permet l&rsquo;impression de supports jusqu&rsquo;\u00e0 5cm d&rsquo;\u00e9paisseur (impression de portes,&#8230;) avec une finition vernis s\u00e9lectif avec relief d&rsquo;\u00e9paisseur ! Une innovation dont nous sommes fiers.[\/vc_column_text][\/no_elements_holder_item][no_elements_holder_item aligment=\u00a0\u00bbleft\u00a0\u00bb advanced_animations=\u00a0\u00bbno\u00a0\u00bb][vc_separator type=\u00a0\u00bbtransparent\u00a0\u00bb up=\u00a0\u00bb200&Prime; up_style=\u00a0\u00bbpx\u00a0\u00bb down=\u00a0\u00bb200&Prime; down_style=\u00a0\u00bbpx\u00a0\u00bb][\/no_elements_holder_item][\/no_elements_holder][\/vc_column][\/vc_row][vc_row row_type=\u00a0\u00bbparallax\u00a0\u00bb type=\u00a0\u00bbfull_width\u00a0\u00bb text_align=\u00a0\u00bbleft\u00a0\u00bb background_image=\u00a0\u00bb58180&Prime; full_screen_section_height=\u00a0\u00bbno\u00a0\u00bb section_height=\u00a0\u00bb380&Prime; triangle_shape=\u00a0\u00bbno\u00a0\u00bb][vc_column][no_elements_holder number_of_columns=\u00a0\u00bbtwo_columns\u00a0\u00bb][no_elements_holder_item aligment=\u00a0\u00bbleft\u00a0\u00bb advanced_animations=\u00a0\u00bbno\u00a0\u00bb][vc_separator type=\u00a0\u00bbtransparent\u00a0\u00bb up=\u00a0\u00bb200&Prime; up_style=\u00a0\u00bbpx\u00a0\u00bb down=\u00a0\u00bb200&Prime; down_style=\u00a0\u00bbpx\u00a0\u00bb][\/no_elements_holder_item][no_elements_holder_item background_color=\u00a0\u00bb#ffffff\u00a0\u00bb item_padding=\u00a0\u00bb11% 30% 15% 13%\u00a0\u00bb aligment=\u00a0\u00bbleft\u00a0\u00bb vertical_alignment=\u00a0\u00bbmiddle\u00a0\u00bb advanced_animations=\u00a0\u00bbno\u00a0\u00bb item_padding_768_1024=\u00a0\u00bb38px 87px 56px 94px\u00a0\u00bb]<div class=\"numbered_steps_holder animate \"><div class=\"number\" style=\"\n            -webkit-transition: transform 0.3s cubic-bezier(0, 0.8, 0.18, 1.63) 0.3s, opacity 0.3s cubic-bezier(0, 0.8, 0.18, 1.63) 0.3s;\n            transition: transform 0.3s cubic-bezier(0, 0.8, 0.18, 1.63) 0.3s, opacity 0.3s cubic-bezier(0, 0.8, 0.18, 1.63) 0.3s;\"><\/div><div class=\"text\"><h6>Impression offset<\/h6><h3>Grands tirages<\/h3><\/div><\/div>[vc_separator type=\u00a0\u00bbtransparent\u00a0\u00bb up=\u00a0\u00bb10&Prime; up_style=\u00a0\u00bbpx\u00a0\u00bb down=\u00a0\u00bb0&Prime; down_style=\u00a0\u00bbpx\u00a0\u00bb][vc_column_text]Pour l&rsquo;impression en grande quantit\u00e9, \u00e0 partir de 500 exemplaires, nous opterons pour une impression offset. La finition sera adapt\u00e9e et optimalis\u00e9e pour une production \u00e9lev\u00e9e.[\/vc_column_text][\/no_elements_holder_item][\/no_elements_holder][\/vc_column][\/vc_row][vc_row row_type=\u00a0\u00bbparallax\u00a0\u00bb type=\u00a0\u00bbfull_width\u00a0\u00bb text_align=\u00a0\u00bbleft\u00a0\u00bb background_image=\u00a0\u00bb58182&Prime; full_screen_section_height=\u00a0\u00bbno\u00a0\u00bb section_height=\u00a0\u00bb380&Prime; triangle_shape=\u00a0\u00bbno\u00a0\u00bb][vc_column][no_elements_holder number_of_columns=\u00a0\u00bbtwo_columns\u00a0\u00bb][no_elements_holder_item background_color=\u00a0\u00bb#ffffff\u00a0\u00bb item_padding=\u00a0\u00bb11% 13% 15% 31%\u00a0\u00bb aligment=\u00a0\u00bbleft\u00a0\u00bb vertical_alignment=\u00a0\u00bbmiddle\u00a0\u00bb advanced_animations=\u00a0\u00bbno\u00a0\u00bb item_padding_768_1024=\u00a0\u00bb37px 87px 56px 94px\u00a0\u00bb]<div class=\"numbered_steps_holder animate \"><div class=\"number\" style=\"\n            -webkit-transition: transform 0.3s cubic-bezier(0, 0.8, 0.18, 1.63) 0.3s, opacity 0.3s cubic-bezier(0, 0.8, 0.18, 1.63) 0.3s;\n            transition: transform 0.3s cubic-bezier(0, 0.8, 0.18, 1.63) 0.3s, opacity 0.3s cubic-bezier(0, 0.8, 0.18, 1.63) 0.3s;\"><\/div><div class=\"text\"><h6>S\u00e9rigraphie et flocage<\/h6><h3>Impression textile<\/h3><\/div><\/div>[vc_separator type=\u00a0\u00bbtransparent\u00a0\u00bb up=\u00a0\u00bb10&Prime; up_style=\u00a0\u00bbpx\u00a0\u00bb down=\u00a0\u00bb0&Prime; down_style=\u00a0\u00bbpx\u00a0\u00bb][vc_column_text]Nous r\u00e9alisons la d\u00e9coupe du vinyle \u00e0 l&rsquo;aide d&rsquo;un plotter suivant le trac\u00e9 vectoriel cr\u00e9\u00e9 et pressons ensuite \u00e0 chaud le marquage. Le flocage et l&rsquo;impression sublimation permet la personnalisation de textile avec logo, motif ou textes d\u00e8s un exemplaire unique ![\/vc_column_text][\/no_elements_holder_item][no_elements_holder_item aligment=\u00a0\u00bbleft\u00a0\u00bb advanced_animations=\u00a0\u00bbno\u00a0\u00bb][vc_separator type=\u00a0\u00bbtransparent\u00a0\u00bb up=\u00a0\u00bb200&Prime; up_style=\u00a0\u00bbpx\u00a0\u00bb down=\u00a0\u00bb200&Prime; down_style=\u00a0\u00bbpx\u00a0\u00bb][\/no_elements_holder_item][\/no_elements_holder][\/vc_column][\/vc_row]<\/p>\n<\/div>","protected":false},"excerpt":{"rendered":"<p>[vc_row row_type=\u00a0\u00bbparallax\u00a0\u00bb type=\u00a0\u00bbfull_width\u00a0\u00bb text_align=\u00a0\u00bbleft\u00a0\u00bb background_image=\u00a0\u00bb58174&Prime; full_screen_section_height=\u00a0\u00bbno\u00a0\u00bb section_height=\u00a0\u00bb380&Prime; triangle_shape=\u00a0\u00bbno\u00a0\u00bb][vc_column][no_elements_holder number_of_columns=\u00a0\u00bbtwo_columns\u00a0\u00bb][no_elements_holder_item background_color=\u00a0\u00bb#ffffff\u00a0\u00bb item_padding=\u00a0\u00bb12% 13% 15% 28%\u00a0\u00bb aligment=\u00a0\u00bbleft\u00a0\u00bb vertical_alignment=\u00a0\u00bbmiddle\u00a0\u00bb advanced_animations=\u00a0\u00bbno\u00a0\u00bb item_padding_768_1024=\u00a0\u00bb38px 87px 56px 94px\u00a0\u00bb][vc_separator type=\u00a0\u00bbtransparent\u00a0\u00bb up=\u00a0\u00bb10&Prime; up_style=\u00a0\u00bbpx\u00a0\u00bb down=\u00a0\u00bb0&Prime; down_style=\u00a0\u00bbpx\u00a0\u00bb][vc_column_text]Le print num\u00e9rique de tr\u00e8s tr\u00e8s haute qualit\u00e9 \u00e0 partir d&rsquo;un exemplaire unique ! R\u00e9alisation au format de votre choix&#8230;<\/p>\n","protected":false},"author":1,"featured_media":0,"parent":0,"menu_order":0,"comment_status":"closed","ping_status":"closed","template":"full_width.php","meta":{"footnotes":""},"class_list":["post-1051","page","type-page","status-publish","hentry"],"_links":{"self":[{"href":"https:\/\/anaiscallens.com\/comm-ca\/wp-json\/wp\/v2\/pages\/1051","targetHints":{"allow":["GET"]}}],"collection":[{"href":"https:\/\/anaiscallens.com\/comm-ca\/wp-json\/wp\/v2\/pages"}],"about":[{"href":"https:\/\/anaiscallens.com\/comm-ca\/wp-json\/wp\/v2\/types\/page"}],"author":[{"embeddable":true,"href":"https:\/\/anaiscallens.com\/comm-ca\/wp-json\/wp\/v2\/users\/1"}],"replies":[{"embeddable":true,"href":"https:\/\/anaiscallens.com\/comm-ca\/wp-json\/wp\/v2\/comments?post=1051"}],"version-history":[{"count":28,"href":"https:\/\/anaiscallens.com\/comm-ca\/wp-json\/wp\/v2\/pages\/1051\/revisions"}],"predecessor-version":[{"id":58722,"href":"https:\/\/anaiscallens.com\/comm-ca\/wp-json\/wp\/v2\/pages\/1051\/revisions\/58722"}],"wp:attachment":[{"href":"https:\/\/anaiscallens.com\/comm-ca\/wp-json\/wp\/v2\/media?parent=1051"}],"curies":[{"name":"wp","href":"https:\/\/api.w.org\/{rel}","templated":true}]}}